{"id":325,"date":"2026-01-27T13:02:42","date_gmt":"2026-01-27T11:02:42","guid":{"rendered":"https:\/\/doamnaghica1.ro\/ghica\/?page_id=325"},"modified":"2026-02-14T19:48:48","modified_gmt":"2026-02-14T17:48:48","slug":"adunarea-generala-2026","status":"publish","type":"page","link":"https:\/\/doamnaghica1.ro\/ghica\/index.php\/adunarea-generala-2026\/","title":{"rendered":"Adunarea Generala 2026"},"content":{"rendered":"<p>Stima\u021bi proprietari,<br \/>\nASOCIA\u021aIA DE PROPRIETARI BL.1, str. Doamna Ghica nr. 1 v\u0103 invit\u0103 :<\/p>\n<ul>\n<li>\u00a0\u00een data de 07.02.2026 orele 9:00, \u00een holul sc\u0103rii 4 al imobilului din<br \/>\nStrada Doamna Ghica nr.1, Bl.1, sector 2 la ADUNAREA GENERAL\u0102,<br \/>\nurmat\u0103 \u00een cazul ne\u00eentrunirii cvorumului legal de<\/li>\n<li>\u00a0ADUNAREA GENERAL\u0102 RECONVOCAT\u0102 \u00een data de 08.02.2026<br \/>\norele 17:00-19:00, \u00een amfiteatrul 2 sala 1 (II.1) al Facult\u0103\u021bii de<br \/>\nConstruc\u021bii Civile Industriale \u0219i Agricole (CCIA) din incinta<br \/>\nUniversit\u0103\u021bii Tehnice de Construc\u021bii Bucure\u0219ti (UTCB) B-dul Lacul<br \/>\nTei nr.124, sector 2.<\/li>\n<\/ul>\n<p>Ordinea de zi a ambelor \u0219edin\u021be este urm\u0103toarea:<\/p>\n<p style=\"padding-left: 40px;\">1) Raport\u0103ri aferente anului 2025<\/p>\n<p style=\"padding-left: 80px;\">a) Raport de activitate al comitetului executiv<br \/>\nb) Raportul cenzorului<br \/>\nc) Recomand\u0103ri ale administratorului tehnic al imobilului<\/p>\n<p style=\"padding-left: 40px;\">2) Aprobarea bugetului de venituri-cheltuieli pentru anul 2026<\/p>\n<p style=\"padding-left: 80px;\">a) Fondurile asocia\u021biei 2026<\/p>\n<p style=\"padding-left: 120px;\">i. Trecere \u00een revist\u0103 fonduri existente \u0219i destina\u021bia lor<br \/>\nii. Cuantum fond repara\u021bii<br \/>\niii. Aprobare cuantum fond de penalizare a restan\u021bierilor<\/p>\n<p style=\"padding-left: 80px;\">b) Cheltuieli 2026<\/p>\n<p style=\"padding-left: 120px;\">i. Repartitoare de costuri pentru energia termic\u0103<br \/>\nii. \u00cenlocuirea &#8211; \u00een locul repara\u021biei &#8211; coloanelor de utilit\u0103\u021bi care se<br \/>\ndefecteaz\u0103<br \/>\niii. Sistem supraveghere \u2013 monitorizarea etajelor \u0219i a liftului<br \/>\niv. Introducerea etajelor P \u0219i 1 la plata curentului ascensorului<br \/>\nv. Aprobarea particip\u0103rii la \u201cReabilitarea ascensoarelor \u00een scopul<br \/>\ncre\u0219terii eficien\u021bei energetice ale acestora\u201d \u2013 programul Prim\u0103riei<br \/>\nSectorului 2, conform hot\u0103r\u00e2rii nr. 242\/29.08.2025.<br \/>\nvi. Cheltuieli pentru avarii \u0219i urgen\u021be, limite financiare ale deciziei<br \/>\ncomitetului pentru fiecare lucrare.<\/p>\n<p style=\"padding-left: 40px;\">3) Diverse<\/p>\n<p style=\"padding-left: 80px;\">a) Utilizarea gazelor naturale &#8211; informare, decizii, reguli de siguran\u021b\u0103<br \/>\nb) Func\u021bionarea sistemului de termoficare, costuri, economie<\/p>\n<p>V\u0103 a\u0219tept\u0103m \u00een num\u0103r c\u00e2t mai mare la lucr\u0103rile adun\u0103rii, \u0219i v\u0103 reamintim c\u0103 \u00een cazul<br \/>\nreprezent\u0103rii altor proprietari trebuie s\u0103 ave\u021bi la Dv. o \u00eemputernicire semnat\u0103 de<br \/>\nproprietarul reprezentat, ce va fi depus\u0103 la secretarul \u0219edin\u021bei.<br \/>\nV\u0103 mul\u021bumim !<br \/>\nAfi\u0219at \u00een data de 27.01.2026<\/p>\n<p>&nbsp;<\/p>\n<p>Anexe:<\/p>\n<p><a href=\"https:\/\/doamnaghica1.ro\/ghica\/wp-content\/uploads\/2026\/02\/BVC_Redacted.pdf\">Buget de venituri \u015fi cheltuieli pentru perioada Ianuarie 2025 &#8211; Decembrie 2025<\/a><\/p>\n<p><a href=\"https:\/\/doamnaghica1.ro\/ghica\/wp-content\/uploads\/2026\/02\/RAPORT-CENZOR-2025-ASOC-DNA-GHICA_Redacted.pdf\">Raportul cenzorului pentru anul 2025<\/a><\/p>\n<p><a href=\"https:\/\/doamnaghica1.ro\/ghica\/wp-content\/uploads\/2026\/02\/PV-al-AG-reconv.-08.02.2026-2_Redacted.pdf\">PV al AG reconvocate din 08.02.2026-2_Redacted<\/a><\/p>\n","protected":false},"excerpt":{"rendered":"<p>Stima\u021bi proprietari, ASOCIA\u021aIA DE PROPRIETARI BL.1, str. Doamna Ghica nr. 1 v\u0103 invit\u0103 : \u00a0\u00een data de 07.02.2026 orele 9:00, \u00een holul sc\u0103rii 4 al imobilului din Strada Doamna Ghica nr.1, Bl.1, sector 2 la ADUNAREA GENERAL\u0102, urmat\u0103 \u00een cazul ne\u00eentrunirii cvorumului legal de \u00a0ADUNAREA GENERAL\u0102 RECONVOCAT\u0102 \u00een data de 08.02.2026 orele 17:00-19:00, \u00een amfiteatrul [&hellip;]<\/p>\n","protected":false},"author":1,"featured_media":0,"parent":0,"menu_order":0,"comment_status":"closed","ping_status":"closed","template":"","meta":{"footnotes":""},"class_list":["post-325","page","type-page","status-publish","hentry"],"_links":{"self":[{"href":"https:\/\/doamnaghica1.ro\/ghica\/index.php\/wp-json\/wp\/v2\/pages\/325","targetHints":{"allow":["GET"]}}],"collection":[{"href":"https:\/\/doamnaghica1.ro\/ghica\/index.php\/wp-json\/wp\/v2\/pages"}],"about":[{"href":"https:\/\/doamnaghica1.ro\/ghica\/index.php\/wp-json\/wp\/v2\/types\/page"}],"author":[{"embeddable":true,"href":"https:\/\/doamnaghica1.ro\/ghica\/index.php\/wp-json\/wp\/v2\/users\/1"}],"replies":[{"embeddable":true,"href":"https:\/\/doamnaghica1.ro\/ghica\/index.php\/wp-json\/wp\/v2\/comments?post=325"}],"version-history":[{"count":7,"href":"https:\/\/doamnaghica1.ro\/ghica\/index.php\/wp-json\/wp\/v2\/pages\/325\/revisions"}],"predecessor-version":[{"id":337,"href":"https:\/\/doamnaghica1.ro\/ghica\/index.php\/wp-json\/wp\/v2\/pages\/325\/revisions\/337"}],"wp:attachment":[{"href":"https:\/\/doamnaghica1.ro\/ghica\/index.php\/wp-json\/wp\/v2\/media?parent=325"}],"curies":[{"name":"wp","href":"https:\/\/api.w.org\/{rel}","templated":true}]}}