{"id":285,"date":"2025-03-31T16:33:27","date_gmt":"2025-03-31T13:33:27","guid":{"rendered":"https:\/\/doamnaghica1.ro\/ghica\/?page_id=285"},"modified":"2025-04-10T14:12:57","modified_gmt":"2025-04-10T11:12:57","slug":"adunarea-generala-2025","status":"publish","type":"page","link":"https:\/\/doamnaghica1.ro\/ghica\/index.php\/adunarea-generala-2025\/","title":{"rendered":"Adunarea Generala 2025"},"content":{"rendered":"<p><strong><u>ASOCIA\u021aIA DE PROPRIETARI BL.1<\/u><\/strong><u>, str. Doamna Ghica nr. 1 v\u0103 invit\u0103 :<\/u><\/p>\n<ul>\n<li>\u00een data de <strong>03.2025 orele 12:00-15:00, \u00een amfiteatrul 1.1 al Facult\u0103\u021bii de Construc\u021bii Civile Industriale \u0219i Agricole (CCIA) din incinta Universit\u0103\u021bii Tehnice de Construc\u021bii Bucure\u0219ti (UTCB) <\/strong>B-dul Lacul Tei nr.124, sector 2 unde convoac\u0103 <strong>ADUNAREA GENERAL\u0102<\/strong><\/li>\n<\/ul>\n<p>urmat\u0103 \u00een cazul ne\u00eentrunirii cvorumului legal de :<\/p>\n<ul>\n<li><strong>ADUNAREA GENERAL\u0102 RECONVOCAT\u0102<\/strong> \u00een data de <strong>04.2025 orele 10:00-13:00, \u00een amfiteatrul 1.1 al Facult\u0103\u021bii de Construc\u021bii Civile Industriale \u0219i Agricole (CCIA) din incinta Universit\u0103\u021bii Tehnice de Construc\u021bii Bucure\u0219ti (UTCB) <\/strong>B-dul Lacul Tei nr.124, sector 2.<\/li>\n<\/ul>\n<p><a href=\"https:\/\/doamnaghica1.ro\/ghica\/wp-content\/uploads\/2025\/03\/convocareaAG_2025.pdf\">convocarea AG din anul 2025 a fost afi\u0219at\u0103 la avizier \u00een data de 20.03.2025<\/a><\/p>\n<p>&nbsp;<\/p>\n<p><a href=\"https:\/\/doamnaghica1.ro\/ghica\/wp-content\/uploads\/2025\/04\/Pv_AGR_06.04.2025_Redacted_2Mb.pdf\">PV al adunarii generale reconvocate din 06.04.2025<\/a><\/p>\n","protected":false},"excerpt":{"rendered":"<p>ASOCIA\u021aIA DE PROPRIETARI BL.1, str. Doamna Ghica nr. 1 v\u0103 invit\u0103 : \u00een data de 03.2025 orele 12:00-15:00, \u00een amfiteatrul 1.1 al Facult\u0103\u021bii de Construc\u021bii Civile Industriale \u0219i Agricole (CCIA) din incinta Universit\u0103\u021bii Tehnice de Construc\u021bii Bucure\u0219ti (UTCB) B-dul Lacul Tei nr.124, sector 2 unde convoac\u0103 ADUNAREA GENERAL\u0102 urmat\u0103 \u00een cazul ne\u00eentrunirii cvorumului legal de [&hellip;]<\/p>\n","protected":false},"author":1,"featured_media":0,"parent":0,"menu_order":0,"comment_status":"closed","ping_status":"closed","template":"","meta":{"footnotes":""},"class_list":["post-285","page","type-page","status-publish","hentry"],"_links":{"self":[{"href":"https:\/\/doamnaghica1.ro\/ghica\/index.php\/wp-json\/wp\/v2\/pages\/285","targetHints":{"allow":["GET"]}}],"collection":[{"href":"https:\/\/doamnaghica1.ro\/ghica\/index.php\/wp-json\/wp\/v2\/pages"}],"about":[{"href":"https:\/\/doamnaghica1.ro\/ghica\/index.php\/wp-json\/wp\/v2\/types\/page"}],"author":[{"embeddable":true,"href":"https:\/\/doamnaghica1.ro\/ghica\/index.php\/wp-json\/wp\/v2\/users\/1"}],"replies":[{"embeddable":true,"href":"https:\/\/doamnaghica1.ro\/ghica\/index.php\/wp-json\/wp\/v2\/comments?post=285"}],"version-history":[{"count":4,"href":"https:\/\/doamnaghica1.ro\/ghica\/index.php\/wp-json\/wp\/v2\/pages\/285\/revisions"}],"predecessor-version":[{"id":296,"href":"https:\/\/doamnaghica1.ro\/ghica\/index.php\/wp-json\/wp\/v2\/pages\/285\/revisions\/296"}],"wp:attachment":[{"href":"https:\/\/doamnaghica1.ro\/ghica\/index.php\/wp-json\/wp\/v2\/media?parent=285"}],"curies":[{"name":"wp","href":"https:\/\/api.w.org\/{rel}","templated":true}]}}