{"id":279,"date":"2025-01-08T11:53:11","date_gmt":"2025-01-08T09:53:11","guid":{"rendered":"https:\/\/doamnaghica1.ro\/ghica\/?page_id=279"},"modified":"2025-12-19T13:43:32","modified_gmt":"2025-12-19T11:43:32","slug":"ajutoare-incalzire-2024-2025","status":"publish","type":"page","link":"https:\/\/doamnaghica1.ro\/ghica\/index.php\/ajutoare-incalzire-2024-2025\/","title":{"rendered":"Ajutoare \u00eenc\u0103lzire 2024-2025"},"content":{"rendered":"<p>20.08.2025 &#8211; Aplica\u021bia EPIDS este func\u021bional\u0103. Persoanele eligibile pot solicita online vouchere pentru plata facturilor la energie <a href=\"https:\/\/sts.ro\/en\/aplicatia-epids-este-functionala-persoanele-eligibile-pot-solicita-online-vouchere-pentru-plata-facturilor-la-energie\/\">https:\/\/sts.ro\/en\/aplicatia-epids-este-functionala-persoanele-eligibile-pot-solicita-online-vouchere-pentru-plata-facturilor-la-energie\/<\/a><\/p>\n<p><a href=\"https:\/\/epids.mmuncii.ro\/login\">ePIDS<\/a> -pagina Ministerului Muncii<br \/>\n<a href=\"https:\/\/epids.mmuncii.ro\/guides\">https:\/\/epids.mmuncii.ro\/guides<\/a><\/p>\n<p>Compensarea procentual\u0103 a valorii efective a facturii la energia termic\u0103 se acord\u0103 conform\u00a0<b>Legii nr. 226\/2021<\/b>, publicat\u0103 \u00een Monitorul Oficial nr. 891\/16.09.2021,\u00a0<b>Hot\u0103r\u00e2rii nr. 1073\/2021<\/b>, publicat\u0103 \u00een Monitorul Oficial nr. 968\/11.10.2021.<\/p>\n<p>Cererile\/declara\u021biile pe propria r\u0103spundere privind acordarea ajutoarelor pentru \u00eenc\u0103lzirea locuin\u021bei, conform OUG 70\/2011, cu modific\u0103rile \u0219i complet\u0103rile ulterioare, se depun la:<\/p>\n<table class=\"raport\">\n<tbody>\n<tr>\n<td>D.G.A.S.P.C. &#8211; Str. Heliade \u00eentre Vii nr. 36<\/td>\n<td>021.241.23.30<\/td>\n<\/tr>\n<tr>\n<td>D.G.A.S.P.C. &#8211; \u015eos. Colentina nr. 25 &#8211; 27<\/td>\n<td>021.242.75.60<\/td>\n<\/tr>\n<tr>\n<td>D.G.A.S.P.C. &#8211; Cal. Mo\u0219ilor nr. 32<\/td>\n<td>021.252.19.70<\/td>\n<\/tr>\n<\/tbody>\n<\/table>\n<p>Beneficiarii sunt ruga\u021bi s\u0103 treac\u0103 pe formular un\u00a0<strong>num\u0103r de telefon<\/strong>\u00a0la care pot fi contacta\u021bi si\u00a0<strong>codul de client<\/strong>\u00a0(cod punct de consum = scar\u0103).<\/p>\n<p>Strada Doamna Ghica nr 1<\/p>\n<ul>\n<li>scara\u00a0 1 &#8211; 446232<\/li>\n<li>scara 2 &#8211; 446241<\/li>\n<li>scara 3 &#8211; 446259<\/li>\n<li>scara 4 &#8211; 446268<\/li>\n<li>scara 5 &#8211; 446277<\/li>\n<\/ul>\n<p><a href=\"https:\/\/doamnaghica1.ro\/ghica\/wp-content\/uploads\/2025\/01\/Formular_acordare_ajutor_incalzire.pdf\">Formular_acordare_ajutor_incalzire<\/a><\/p>\n<p>mai multe detalii pe pagina <a href=\"https:\/\/www.cmteb.ro\/ajutoare-incalzire.php\">CMTEB.<\/a><\/p>\n<p>Afla\u021bi detalii despre alte <a href=\"https:\/\/www.ps2.ro\/index.php\/primaria-sectorului-2\/presa\/stiri\/1065-sprijinim-persoanele-singure-si-familiile-marginalizate-social-ale-caror-locuinte-au-fost-afectate-de-calamitati-naturale-incendii-accidente-sau-alte-situatii-deosebite\">ajutoare \u0219i pe pagina<\/a> Prim\u0103riei Sector 2.<\/p>\n","protected":false},"excerpt":{"rendered":"<p>20.08.2025 &#8211; Aplica\u021bia EPIDS este func\u021bional\u0103. Persoanele eligibile pot solicita online vouchere pentru plata facturilor la energie https:\/\/sts.ro\/en\/aplicatia-epids-este-functionala-persoanele-eligibile-pot-solicita-online-vouchere-pentru-plata-facturilor-la-energie\/ ePIDS -pagina Ministerului Muncii https:\/\/epids.mmuncii.ro\/guides Compensarea procentual\u0103 a valorii efective a facturii la energia termic\u0103 se acord\u0103 conform\u00a0Legii nr. 226\/2021, publicat\u0103 \u00een Monitorul Oficial nr. 891\/16.09.2021,\u00a0Hot\u0103r\u00e2rii nr. 1073\/2021, publicat\u0103 \u00een Monitorul Oficial nr. 968\/11.10.2021. Cererile\/declara\u021biile pe propria [&hellip;]<\/p>\n","protected":false},"author":1,"featured_media":0,"parent":0,"menu_order":0,"comment_status":"closed","ping_status":"closed","template":"","meta":{"footnotes":""},"class_list":["post-279","page","type-page","status-publish","hentry"],"_links":{"self":[{"href":"https:\/\/doamnaghica1.ro\/ghica\/index.php\/wp-json\/wp\/v2\/pages\/279","targetHints":{"allow":["GET"]}}],"collection":[{"href":"https:\/\/doamnaghica1.ro\/ghica\/index.php\/wp-json\/wp\/v2\/pages"}],"about":[{"href":"https:\/\/doamnaghica1.ro\/ghica\/index.php\/wp-json\/wp\/v2\/types\/page"}],"author":[{"embeddable":true,"href":"https:\/\/doamnaghica1.ro\/ghica\/index.php\/wp-json\/wp\/v2\/users\/1"}],"replies":[{"embeddable":true,"href":"https:\/\/doamnaghica1.ro\/ghica\/index.php\/wp-json\/wp\/v2\/comments?post=279"}],"version-history":[{"count":5,"href":"https:\/\/doamnaghica1.ro\/ghica\/index.php\/wp-json\/wp\/v2\/pages\/279\/revisions"}],"predecessor-version":[{"id":318,"href":"https:\/\/doamnaghica1.ro\/ghica\/index.php\/wp-json\/wp\/v2\/pages\/279\/revisions\/318"}],"wp:attachment":[{"href":"https:\/\/doamnaghica1.ro\/ghica\/index.php\/wp-json\/wp\/v2\/media?parent=279"}],"curies":[{"name":"wp","href":"https:\/\/api.w.org\/{rel}","templated":true}]}}