{"id":229,"date":"2023-05-12T10:54:34","date_gmt":"2023-05-12T07:54:34","guid":{"rendered":"https:\/\/doamnaghica1.ro\/ghica\/?page_id=229"},"modified":"2023-05-12T11:07:30","modified_gmt":"2023-05-12T08:07:30","slug":"colectarea-deseurilor","status":"publish","type":"page","link":"https:\/\/doamnaghica1.ro\/ghica\/index.php\/colectarea-deseurilor\/","title":{"rendered":"Colectarea de\u0219eurilor"},"content":{"rendered":"<h2 class=\"elementor-heading-title elementor-size-default\">Cum trebuie s\u0103 proceda\u021bi:<\/h2>\n<ul>\n<li>S\u0103 contacta\u021bi Supercom, cu minim 24 de ore \u00eenainte, la num\u0103rul de telefon:\u00a0<strong>021 \u2013 9654<\/strong>.<\/li>\n<li>S\u0103\u00a0 preciza\u021bi adresa exact\u0103, iar operatorul vine la loca\u021biile indicate de dumneavoastr\u0103 \u0219i le colecteaz\u0103.<\/li>\n<li>S\u0103 depozita\u021bi de\u0219eurile \u00een fa\u021ba casei sau a blocului p\u00e2n\u0103 la ora 9 a.m.<\/li>\n<\/ul>\n<p><a href=\"https:\/\/salubrizare.ps2.ro\/deseuri-voluminoase\/\">De\u0219euri Voluminoase &#8211; Salubrizare Sector 2 (ps2.ro)<\/a><\/p>\n<blockquote class=\"wp-embedded-content\" data-secret=\"3ZqCGSdaAR\"><p><a href=\"https:\/\/hartareciclarii.ro\/bucuresti\/\">Bucure\u0219ti<\/a><\/p><\/blockquote>\n<p><iframe loading=\"lazy\" class=\"wp-embedded-content\" sandbox=\"allow-scripts\" security=\"restricted\" style=\"position: absolute; visibility: hidden;\" title=\"&#8222;Bucure\u0219ti&#8221; &#8212; Harta Reciclarii\" src=\"https:\/\/hartareciclarii.ro\/bucuresti\/embed\/#?secret=2e6bbLzQv9#?secret=3ZqCGSdaAR\" data-secret=\"3ZqCGSdaAR\" width=\"500\" height=\"282\" frameborder=\"0\" marginwidth=\"0\" marginheight=\"0\" scrolling=\"no\"><\/iframe><\/p>\n<p><a href=\"https:\/\/doamnaghica1.ro\/ghica\/wp-content\/uploads\/2023\/05\/Ghid_ReciclamBucuresti_Sector2.pdf\">Ghid_ReciclamBucuresti_Sector2<\/a><\/p>\n<p>Asocia\u021bia are contract cu SUPERCOM , iar calendarul de ridicare al de\u0219eurilor este urm\u0103torul<\/p>\n<p><img loading=\"lazy\" decoding=\"async\" class=\"alignnone size-full wp-image-230\" src=\"https:\/\/doamnaghica1.ro\/ghica\/wp-content\/uploads\/2023\/05\/deseu_menajer.jpg\" alt=\"\" width=\"1225\" height=\"311\" \/><\/p>\n<p><img loading=\"lazy\" decoding=\"async\" class=\"alignnone size-full wp-image-236\" src=\"https:\/\/doamnaghica1.ro\/ghica\/wp-content\/uploads\/2023\/05\/deseu_selectiv.jpg\" alt=\"\" width=\"1234\" height=\"162\" \/><\/p>\n<p>\u00cen cazul \u00een care ave\u0163i nel\u0103muriri pute\u0163i s\u0103 contactati SUPERCOM la urm\u0103toarele numere de telefon:<\/p>\n<table>\n<tbody>\n<tr>\n<td>De\u015feuri menajere<\/td>\n<td>De\u015feuri frac\u0163ie uscat\u0103<\/td>\n<\/tr>\n<tr>\n<td>Daniel Sandu telefon: 0723.194.841<br \/>\nVasile Obrejan telefon: 0722.544.282<\/td>\n<td>Mirela B\u0103l\u0103nescu telefon: 0731.221.207<\/td>\n<\/tr>\n<\/tbody>\n<\/table>\n<p>mai multe detalii pe siteul <a href=\"https:\/\/www.impozitelocale2.ro\/gunoi\/\">Direc\u0163ia General\u0103 Venituri Buget Local Sector 2 (impozitelocale2.ro)<\/a><\/p>\n<p><a href=\"https:\/\/www.supercom.ro\/\">SUPERCOM SA \u2013 Lider in managementul deseurilor<\/a><\/p>\n","protected":false},"excerpt":{"rendered":"<p>Cum trebuie s\u0103 proceda\u021bi: S\u0103 contacta\u021bi Supercom, cu minim 24 de ore \u00eenainte, la num\u0103rul de telefon:\u00a0021 \u2013 9654. S\u0103\u00a0 preciza\u021bi adresa exact\u0103, iar operatorul vine la loca\u021biile indicate de dumneavoastr\u0103 \u0219i le colecteaz\u0103. S\u0103 depozita\u021bi de\u0219eurile \u00een fa\u021ba casei sau a blocului p\u00e2n\u0103 la ora 9 a.m. De\u0219euri Voluminoase &#8211; Salubrizare Sector 2 (ps2.ro) [&hellip;]<\/p>\n","protected":false},"author":1,"featured_media":0,"parent":0,"menu_order":0,"comment_status":"closed","ping_status":"closed","template":"","meta":{"footnotes":""},"class_list":["post-229","page","type-page","status-publish","hentry"],"_links":{"self":[{"href":"https:\/\/doamnaghica1.ro\/ghica\/index.php\/wp-json\/wp\/v2\/pages\/229","targetHints":{"allow":["GET"]}}],"collection":[{"href":"https:\/\/doamnaghica1.ro\/ghica\/index.php\/wp-json\/wp\/v2\/pages"}],"about":[{"href":"https:\/\/doamnaghica1.ro\/ghica\/index.php\/wp-json\/wp\/v2\/types\/page"}],"author":[{"embeddable":true,"href":"https:\/\/doamnaghica1.ro\/ghica\/index.php\/wp-json\/wp\/v2\/users\/1"}],"replies":[{"embeddable":true,"href":"https:\/\/doamnaghica1.ro\/ghica\/index.php\/wp-json\/wp\/v2\/comments?post=229"}],"version-history":[{"count":3,"href":"https:\/\/doamnaghica1.ro\/ghica\/index.php\/wp-json\/wp\/v2\/pages\/229\/revisions"}],"predecessor-version":[{"id":237,"href":"https:\/\/doamnaghica1.ro\/ghica\/index.php\/wp-json\/wp\/v2\/pages\/229\/revisions\/237"}],"wp:attachment":[{"href":"https:\/\/doamnaghica1.ro\/ghica\/index.php\/wp-json\/wp\/v2\/media?parent=229"}],"curies":[{"name":"wp","href":"https:\/\/api.w.org\/{rel}","templated":true}]}}